{"id":58,"date":"2024-04-14T16:30:19","date_gmt":"2024-04-14T16:30:19","guid":{"rendered":"https:\/\/die-staffelei.at\/?page_id=58"},"modified":"2025-09-04T14:27:37","modified_gmt":"2025-09-04T14:27:37","slug":"impressum-datenschutzerklaerung","status":"publish","type":"page","link":"https:\/\/die-staffelei.at\/index.php\/impressum-datenschutzerklaerung\/","title":{"rendered":"Impressum"},"content":{"rendered":"<p>[et_pb_section fb_built=&#8220;1&#8243; _builder_version=&#8220;4.4.5&#8243;][et_pb_row _builder_version=&#8220;4.4.5&#8243; hover_enabled=&#8220;0&#8243;][et_pb_column type=&#8220;4_4&#8243; _builder_version=&#8220;4.4.5&#8243;][et_pb_text _builder_version=&#8220;4.4.5&#8243; hover_enabled=&#8220;0&#8243;]<\/p>\n<p><span><strong>Impressum<\/strong><\/span><\/p>\n<p><span>GANSTERER TECHNOLOGIES GmbH<\/span><br \/> <span>Aigenflie\u00dfen 48<\/span><br \/> <span>A \u2013 4432 Ernsthofen<\/span><br \/> <span>Tel: +43 (0) 7435 50244<\/span><br \/> <span>e-mail: office@gansterer-technologies.at<\/span><br \/> <span>Internet:\u00a0www.gansterer-technologies.at<\/span><\/p>\n<p><span>Handels- und Handelsagentengewerbe<\/span><br \/> <span>Firmenbuchnummer: FN\u00a0660222s<\/span><span><\/span><br \/> <span>Firmenbuch-Gericht: St. P\u00f6lten<\/span><br \/> <span>Mitglied der Wirtschaftskammer Nieder\u00f6sterreich<\/span><\/p>\n<p>[\/et_pb_text][\/et_pb_column][\/et_pb_row][et_pb_row _builder_version=&#8220;4.4.5&#8243;][et_pb_column type=&#8220;4_4&#8243; _builder_version=&#8220;4.4.5&#8243;][et_pb_text _builder_version=&#8220;4.4.5&#8243; custom_padding=&#8220;0px|||||&#8220;]<\/p>\n<p><strong>Datenschutzerkl\u00e4rung<\/strong><\/p>\n<p><span>Wir legen gr\u00f6\u00dften Wert auf den Schutz und die Sicherheit Ihrer Daten, unabh\u00e4ngig ob Sie Kunde oder Besucher unseres Online-Auftritts sind. Wir verpflichten uns daher, Ihre Privatsph\u00e4re zu sch\u00fctzen und Ihre Daten vertraulich zu behandeln.<\/span><\/p>\n<p><span><strong>Wir halten uns uneingeschr\u00e4nkt an die gesetzlichen Datenschutzregeln<\/strong><\/span><\/p>\n<p><span>F\u00fcr die Speicherung, Verarbeitung und Nutzung von personenbezogenen Daten gelten die Datenschutzrichtlinien des Bundesdatenschutzgesetzes (BDSG). Grundlage der Verarbeitung ist eine gesetzliche Legitimation oder Zustimmung des Betroffenen.<\/span><\/p>\n<p><span>Personenbezogene Daten (Name, Firma und E-Mail-Adresse) werden von uns erhoben und gespeichert, wenn Sie uns diese von sich aus z.B. im Rahmen einer Registrierung f\u00fcr unseren Newsletter oder das Versenden von E-Mails, im Rahmen der Bestellung von Produkten oder Dienstleistungen, Anfragen \u00fcber unsere Kontaktformulare bzw. Anfrageformulare und Bestellformulare oder Anforderung von Material zur Verf\u00fcgung stellen. Diese personenbezogenen Daten (Name und E-Mail-Adresse) werden von uns zur Aufrechterhaltung der Gesch\u00e4ftsbeziehung und f\u00fcr etwaige Marketingzwecke verwendet (z.B. Zusendung eines neuen Produktkataloges, Infos \u00fcber neue Produkte\u2026). Der Verarbeitung dieser Daten kann jederzeit widerrufen werden.<\/span><\/p>\n<p><span>Personenbezogene Daten (Firmenname, Adresse und Ansprechperson und E-Mail-Adresse) werden von uns streng vertraulich behandelt, und nur dann an Dritte weitergeleitet, wenn dies zur Vertragserf\u00fcllung notwendig ist. (Speditions- und Transportunternehmen)<\/span><\/p>\n<p><span><\/span><\/p>\n<p><span><strong>Kontaktm\u00f6glichkeit<\/strong><\/span><\/p>\n<p><span>Wir bieten Ihnen auf unserer Seite die M\u00f6glichkeit, mit uns per E-Mail und\/oder \u00fcber ein Kontaktformular bzw. Anfrageformulare und Bestellformulare in Verbindung zu treten. In diesem Fall werden die vom Nutzer gemachten Angaben zum Zwecke der Bearbeitung seiner Kontaktaufnahme gespeichert. Eine Weitergabe an Dritte erfolgt nicht. Ein Abgleich der so erhobenen Daten mit Daten, die m\u00f6glicherweise durch andere Komponenten unserer Seite erhoben werden, erfolgt ebenfalls nicht.<\/span><\/p>\n<p><span><strong>Haftungsausschluss<\/strong><\/span><\/p>\n<p><span>Ein Vertragsverh\u00e4ltnis kommt durch den Gebrauch nicht zustande. Die Nutzung dieser Website erfolgt auf eigene Gefahr. Wir schlie\u00dfen ausdr\u00fccklich jegliche Haftung f\u00fcr Sch\u00e4den einschlie\u00dflich Folgesch\u00e4den aus, die in irgendeiner Form in Verbindung mit Ihrem Zugriff auf unsere Website stehen. Dies gilt insbesondere f\u00fcr Sch\u00e4den, die etwa durch Viren an Ihrem Computer oder Ihrer EDV-Anlage oder durch Ihr Vertrauen auf Informationen dieser Website \u2013 auch verbundener Websites oder Informationen Dritter, die \u00fcber diese Website erlangt werden k\u00f6nnen \u2013 entstehen.<\/span><\/p>\n<p><span><strong>Links zu fremden Websites<\/strong><\/span><\/p>\n<p><span>Auf unserer Homepage befinden sich Links zu anderen Anbietern. In diesem F\u00e4llen werden Sie von unserer Homepage direkt auf die Website der anderen Anbieter weitergeleitet. Sie erkennen dies u.a. am Wechsel der URL.<\/span><\/p>\n<p><span>Wir k\u00f6nnen keine Verantwortung f\u00fcr den vertraulichen Umgang mit Ihren Daten \u00fcbernehmen, da wir keinen Einfluss darauf haben, dass die anderen Anbieter die Datenschutzbestimmungen einhalten. \u00dcber den Umgang mit Ihren personenbezogenen Daten durch diese Anbieter informieren Sie sich bitte auf deren Websites direkt.<\/span><\/p>\n<p><span><strong>Urheberrecht<\/strong><\/span><\/p>\n<p><span>Texte, Bilder und Grafiken unterliegen dem Schutz des Urheberrechts und anderer Schutzgesetze. Die Vervielf\u00e4ltigung, Ab\u00e4nderung, \u00dcbertragung oder Ver\u00f6ffentlichung eines Teils oder des gesamten Inhaltes dieser Website ist, au\u00dfer zum privaten, nicht kommerziellen Zweck, in jeglicher Form verboten. Das Vervielf\u00e4ltigen und Verwenden von Informationen und Daten, deren Download ausdr\u00fccklich angeboten wird, sind zum privaten nicht kommerziellen Zweck erlaubt.<\/span><\/p>\n<p><span><strong>Auskunft\/Widerruf\/L\u00f6schung<\/strong><\/span><\/p>\n<p><span>Sie k\u00f6nnen sich aufgrund des Bundesdatenschutzgesetzes bei Fragen zur Erhebung, Verarbeitung oder Nutzung Ihrer personenbezogenen Daten und deren Berichtigung, Sperrung, L\u00f6schung oder einem Widerruf einer erteilten Einwilligung unentgeltlich an uns wenden. Wir weisen darauf hin, dass Ihnen ein Recht auf Berichtigung falscher Daten oder L\u00f6schung personenbezogener Daten zusteht, sollte diesem Anspruch keine gesetzliche Aufbewahrungspflicht entgegenstehen.<\/span><\/p>\n<p>[\/et_pb_text][\/et_pb_column][\/et_pb_row][\/et_pb_section]<\/p>\n","protected":false},"excerpt":{"rendered":"<p>[et_pb_section fb_built=&#8220;1&#8243; _builder_version=&#8220;4.4.5&#8243;][et_pb_row _builder_version=&#8220;4.4.5&#8243; hover_enabled=&#8220;0&#8243;][et_pb_column type=&#8220;4_4&#8243; _builder_version=&#8220;4.4.5&#8243;][et_pb_text _builder_version=&#8220;4.4.5&#8243; hover_enabled=&#8220;0&#8243;] Impressum GANSTERER TECHNOLOGIES GmbH Aigenflie\u00dfen 48 A \u2013 4432 Ernsthofen Tel: +43 (0) 7435 50244 e-mail: office@gansterer-technologies.at Internet:\u00a0www.gansterer-technologies.at Handels- und Handelsagentengewerbe Firmenbuchnummer: FN\u00a0660222s Firmenbuch-Gericht: St. P\u00f6lten Mitglied der Wirtschaftskammer Nieder\u00f6sterreich [\/et_pb_text][\/et_pb_column][\/et_pb_row][et_pb_row _builder_version=&#8220;4.4.5&#8243;][et_pb_column type=&#8220;4_4&#8243; _builder_version=&#8220;4.4.5&#8243;][et_pb_text _builder_version=&#8220;4.4.5&#8243; custom_padding=&#8220;0px|||||&#8220;] Datenschutzerkl\u00e4rung Wir legen gr\u00f6\u00dften Wert auf den Schutz und die [&hellip;]<\/p>\n","protected":false},"author":2,"featured_media":0,"parent":0,"menu_order":0,"comment_status":"closed","ping_status":"closed","template":"","meta":{"_et_pb_use_builder":"on","_et_pb_old_content":"","_et_gb_content_width":"","footnotes":""},"class_list":["post-58","page","type-page","status-publish","hentry"],"_links":{"self":[{"href":"https:\/\/die-staffelei.at\/index.php\/wp-json\/wp\/v2\/pages\/58","targetHints":{"allow":["GET"]}}],"collection":[{"href":"https:\/\/die-staffelei.at\/index.php\/wp-json\/wp\/v2\/pages"}],"about":[{"href":"https:\/\/die-staffelei.at\/index.php\/wp-json\/wp\/v2\/types\/page"}],"author":[{"embeddable":true,"href":"https:\/\/die-staffelei.at\/index.php\/wp-json\/wp\/v2\/users\/2"}],"replies":[{"embeddable":true,"href":"https:\/\/die-staffelei.at\/index.php\/wp-json\/wp\/v2\/comments?post=58"}],"version-history":[{"count":5,"href":"https:\/\/die-staffelei.at\/index.php\/wp-json\/wp\/v2\/pages\/58\/revisions"}],"predecessor-version":[{"id":277,"href":"https:\/\/die-staffelei.at\/index.php\/wp-json\/wp\/v2\/pages\/58\/revisions\/277"}],"wp:attachment":[{"href":"https:\/\/die-staffelei.at\/index.php\/wp-json\/wp\/v2\/media?parent=58"}],"curies":[{"name":"wp","href":"https:\/\/api.w.org\/{rel}","templated":true}]}}